{"id":10382,"date":"2024-06-03T10:27:52","date_gmt":"2024-06-03T07:27:52","guid":{"rendered":"https:\/\/dryavuzbesogul.com\/koltuk-alti-aort-kapak-tamir-ve-degisimi\/"},"modified":"2025-08-25T14:59:55","modified_gmt":"2025-08-25T11:59:55","slug":"koltuk-alti-aort-kapak-tamir-ve-degisimi","status":"publish","type":"page","link":"https:\/\/dryavuzbesogul.com\/de\/koltuk-alti-aort-kapak-tamir-ve-degisimi\/","title":{"rendered":"Koltuk Alt\u0131 Aort Kapak Tamir ve De\u011fi\u015fimi"},"content":{"rendered":"<p><span style=\"font-size: 14.4px;\">Halkaras\u0131nda kapal\u0131 aort kapak ameliyat\u0131 veya koltukalt\u0131 aort kapak ameliyat\u0131 denen minimal invaziv aort kapak cerrahisi y\u00f6ntemidir. Minimal invaziv Aort kapak ameliyat\u0131 tekniklerinden biri olan bu giri\u015f yolu koltukalt\u0131ndan 4 veya 5 santimlik kesi ile kas ve kemik kesmeden ve v\u00fccudun ba\u015fka bir yerine hi\u00e7bir kesi yapmadan aort kapa\u011f\u0131 tamir ve de\u011fi\u015ftirme ameliyatlar\u0131d\u0131r. \u00d6nden yap\u0131lan ameliyat ile koltuk alt\u0131ndan yap\u0131lan aort kapak ameliyat\u0131 aras\u0131ndaki tek fark giri\u015f yeridir. K\u0131saca ; bu y\u00f6ntemle aort kapak ameliyatlar\u0131 g\u00f6\u011f\u00fcs \u00f6n kemi\u011fi ortalama 30-35 santim kesilip, a\u00e7\u0131lmadan yap\u0131lm\u0131\u015f olur ve hi\u00e7bir kemik kesilmez.<\/span><\/p>\n<p>Gen\u00e7 ve ya\u015fl\u0131 hastalar \u00f6zellikle \u015fi\u015fman ,\u015feker hastal\u0131\u011f\u0131 ,g\u00f6\u011f\u00fcs kemi\u011fi bozuklu\u011fu olanlar , i\u015f hayat\u0131na erken d\u00f6nmek zorunda olanlar ve s\u0131rt\u00fcst\u00fc yatmakta zorlu\u011fu olanlar, y\u00fcr\u00fcmesinde aksama olan baston veya de\u011fnek kullananlar , sonras\u0131nda a\u011f\u0131r kald\u0131rmak, ta\u015f\u0131mak zorunda olanlar i\u00e7in ideal bir y\u00f6ntemdir. Sadece ileri derecede kronik akci\u011fer hastal\u0131\u011f\u0131 olanlarda ve daha \u00f6nceden g\u00f6\u011f\u00fcs\u00fc \u00f6nden a\u00e7\u0131larak aort kapak ameliyat\u0131 ge\u00e7irmi\u015f hastalarda koltukalt\u0131ndan aort kapak ameliyat\u0131 tercih edilmez. Bu hastalarda \u00f6zellikle yine estetik ve az hasarl\u0131 olmas\u0131 a\u00e7\u0131s\u0131ndan \u00f6nden k\u00fc\u00e7\u00fck bir pencere a\u00e7\u0131lmas\u0131 tercih edilir. Bunlar daha eski y\u00f6ntemlerdir. \u00d6nden ve yandan yap\u0131lan giri\u015fimlerin riskleri ayn\u0131d\u0131r. Risk aort kapak hastal\u0131\u011f\u0131n\u0131n \u00e7ok ilerlemi\u015f olmas\u0131,kalp pompa yetmezli\u011fine neden olmu\u015f olmas\u0131 ve kalp g\u00fcc\u00fc ile ili\u015fkilidir. 1993 y\u0131l\u0131ndan g\u00fcn\u00fcm\u00fcze bu tekniklerle aort kapak ameliyat\u0131 olan hastalar ulusal ve uluslar aras\u0131 sayg\u0131n \u00e7ok say\u0131da bilimsel dergilerde ve kongrelerde literat\u00fcre girmi\u015ftir.<\/p>\n\n\t<section class=\"section\" id=\"section_2136321072\">\n\t\t<div class=\"section-bg fill\" >\n\t\t\t\t\t\t\t\t\t\n\t\t\t\n\n\t\t<\/div>\n\n\t\t\n\n\t\t<div class=\"section-content relative\">\n\t\t\t\n\n<div class=\"row\"  id=\"row-327925694\">\n\n\n\t<div id=\"col-217766217\" class=\"col small-12 large-12\"  >\n\t\t\t\t<div class=\"col-inner\" style=\"background-color:#02288a;\" >\n\t\t\t\n\t\t\t\n\n<div class=\"row\"  id=\"row-1537998296\">\n\n\n\t<div id=\"col-797244207\" class=\"col medium-4 small-12 large-4\"  >\n\t\t\t\t<div class=\"col-inner\"  >\n\t\t\t\n\t\t\t\n\n\t<div class=\"img has-hover border-gorsel x md-x lg-x y md-y lg-y\" id=\"image_935978461\">\n\t\t\t\t\t\t\t\t<div class=\"img-inner dark\" >\n\t\t\t<img decoding=\"async\" width=\"700\" height=\"700\" src=\"https:\/\/dryavuzbesogul.com\/wp-content\/uploads\/2025\/08\/yavuz-besogul-banner.jpg\" class=\"attachment-2048x2048 size-2048x2048\" alt=\"\" srcset=\"https:\/\/dryavuzbesogul.com\/wp-content\/uploads\/2025\/08\/yavuz-besogul-banner.jpg 700w, https:\/\/dryavuzbesogul.com\/wp-content\/uploads\/2025\/08\/yavuz-besogul-banner-400x400.jpg 400w, https:\/\/dryavuzbesogul.com\/wp-content\/uploads\/2025\/08\/yavuz-besogul-banner-280x280.jpg 280w\" sizes=\"(max-width: 700px) 100vw, 700px\">\t\t\t\t\t\t\n\t\t\t\t\t<\/div>\n\t\t\t\t\t\t\t\t\n<style>\n#image_935978461 {\n  width: 100%;\n}\n<\/style>\n\t<\/div>\n\t\n\n\n\t\t<\/div>\n\t\t\t\t\n<style>\n#col-797244207 > .col-inner {\n  border-radius: 20px;\n}\n<\/style>\n\t<\/div>\n\n\t\n\n\t<div id=\"col-1463876158\" class=\"col medium-8 small-12 large-8\"  >\n\t\t\t\t<div class=\"col-inner dark\"  >\n\t\t\t\n\t\t\t\n\n<p><strong><span style=\"font-size: 150%;\">Prof. Dr. Yavuz Be\u015fo\u011ful<\/span><\/strong><\/p>\n<p>Facharzt f\u00fcr Herz- und Gef\u00e4\u00dfchirurgie<\/p>\n<div>\n<div><strong>Seit 1997 f\u00fchrt Prof. Dr. Yavuz Be\u015fo\u011ful Operationen im Bereich der minimal-invasiven Herzchirurgie<\/strong> durch und hat seine Erfahrungen auf nationalen und internationalen Kongressen und in Fachzeitschriften geteilt.<\/div>\n<\/div>\n<div><\/div>\n\t<div id=\"gap-2010128099\" class=\"gap-element clearfix\" style=\"display:block; height:auto;\">\n\t\t\n<style>\n#gap-2010128099 {\n  padding-top: 30px;\n}\n<\/style>\n\t<\/div>\n\t\n\n<a href=\"\/de\/prof-dr-yavuz-besogul\/\" class=\"button white lowercase hide-for-small\"  style=\"border-radius:15px;\">\n\t\t<span>Lebenslauf<\/span>\n\t<\/a>\n\n\n<a href=\"\/prof-dr-yavuz-besogul\/bilimsel-yayinlar\/\" class=\"button white lowercase hide-for-small\"  style=\"border-radius:15px;\">\n\t\t<span>Publikationen<\/span>\n\t<\/a>\n\n\n<a class=\"button white lowercase hide-for-small\"  style=\"border-radius:15px;\">\n\t\t<span>Kommentare<\/span>\n\t<\/a>\n\n\n<div class=\"row show-for-small\"  id=\"row-1092002413\">\n\n\n\t<div id=\"col-1614580882\" class=\"col medium-6 small-6 large-6\"  >\n\t\t\t\t<div class=\"col-inner\"  >\n\t\t\t\n\t\t\t\n\n<a href=\"https:\/\/dryavuzbesogul.com\/prof-dr-yavuz-besogul\/\" class=\"button white lowercase expand\"  style=\"border-radius:15px;\">\n\t\t<span>Lebenslauf<\/span>\n\t<\/a>\n\n\n<a href=\"https:\/\/dryavuzbesogul.com\/blog\/\" class=\"button white lowercase expand\"  style=\"border-radius:15px;\">\n\t\t<span>Artikel<\/span>\n\t<\/a>\n\n\n\n\t\t<\/div>\n\t\t\t\t\t<\/div>\n\n\t\n\n\t<div id=\"col-152269699\" class=\"col medium-6 small-6 large-6\"  >\n\t\t\t\t<div class=\"col-inner\"  >\n\t\t\t\n\t\t\t\n\n<a href=\"https:\/\/dryavuzbesogul.com\/iletisim\/\" class=\"button white lowercase expand\"  style=\"border-radius:15px;\">\n\t\t<span>Kontakt<\/span>\n\t<\/a>\n\n\n<a class=\"button white lowercase expand\"  style=\"border-radius:15px;\">\n\t\t<span>Kommentare<\/span>\n\t<\/a>\n\n\n\n\t\t<\/div>\n\t\t\t\t\t<\/div>\n\n\t\n\n<\/div>\n\n\t\t<\/div>\n\t\t\t\t\n<style>\n#col-1463876158 > .col-inner {\n  margin: 0px 0px -40px 0px;\n}\n<\/style>\n\t<\/div>\n\n\t\n\n<\/div>\n\n\t\t<\/div>\n\t\t\t\t\n<style>\n#col-217766217 > .col-inner {\n  padding: 30px 15px 1px 15px;\n  border-radius: 20px;\n}\n@media (min-width:550px) {\n  #col-217766217 > .col-inner {\n    padding: 30px 30px 1px 30px;\n  }\n}\n<\/style>\n\t<\/div>\n\n\t\n\n<\/div>\n\n\t\t<\/div>\n\n\t\t\n<style>\n#section_2136321072 {\n  padding-top: 30px;\n  padding-bottom: 30px;\n}\n<\/style>\n\t<\/section>\n\t\n<div id=\"ez-toc-container\" class=\"ez-toc-v2_0_82_2 counter-hierarchy ez-toc-counter ez-toc-custom ez-toc-container-direction\">\n<div class=\"ez-toc-title-container\">\n<p class=\"ez-toc-title\" style=\"cursor:inherit\">Yaz\u0131 \u0130\u00e7eri\u011fi<\/p>\n<span class=\"ez-toc-title-toggle\"><a href=\"#\" class=\"ez-toc-pull-right ez-toc-btn ez-toc-btn-xs ez-toc-btn-default ez-toc-toggle\" aria-label=\"Toggle Table of Content\"><span class=\"ez-toc-js-icon-con\"><span class=\"\"><span class=\"eztoc-hide\" style=\"display:none;\">Toggle<\/span><span class=\"ez-toc-icon-toggle-span\"><svg style=\"fill: #ffffff;color:#ffffff\" xmlns=\"http:\/\/www.w3.org\/2000\/svg\" class=\"list-377408\" width=\"20px\" height=\"20px\" viewBox=\"0 0 24 24\" fill=\"none\"><path d=\"M6 6H4v2h2V6zm14 0H8v2h12V6zM4 11h2v2H4v-2zm16 0H8v2h12v-2zM4 16h2v2H4v-2zm16 0H8v2h12v-2z\" fill=\"currentColor\"><\/path><\/svg><svg style=\"fill: #ffffff;color:#ffffff\" class=\"arrow-unsorted-368013\" xmlns=\"http:\/\/www.w3.org\/2000\/svg\" width=\"10px\" height=\"10px\" viewBox=\"0 0 24 24\" version=\"1.2\" baseProfile=\"tiny\"><path d=\"M18.2 9.3l-6.2-6.3-6.2 6.3c-.2.2-.3.4-.3.7s.1.5.3.7c.2.2.4.3.7.3h11c.3 0 .5-.1.7-.3.2-.2.3-.5.3-.7s-.1-.5-.3-.7zM5.8 14.7l6.2 6.3 6.2-6.3c.2-.2.3-.5.3-.7s-.1-.5-.3-.7c-.2-.2-.4-.3-.7-.3h-11c-.3 0-.5.1-.7.3-.2.2-.3.5-.3.7s.1.5.3.7z\"\/><\/svg><\/span><\/span><\/span><\/a><\/span><\/div>\n<nav><ul class='ez-toc-list ez-toc-list-level-1 ' ><li class='ez-toc-page-1 ez-toc-heading-level-2'><a class=\"ez-toc-link ez-toc-heading-1\" href=\"https:\/\/dryavuzbesogul.com\/de\/koltuk-alti-aort-kapak-tamir-ve-degisimi\/#Koltuk_Alti_Aort_Kapak_Tamir_ve_Degisimi_Nedir\" >Koltuk Alt\u0131 Aort Kapak Tamir ve De\u011fi\u015fimi Nedir?<\/a><\/li><li class='ez-toc-page-1 ez-toc-heading-level-2'><a class=\"ez-toc-link ez-toc-heading-2\" href=\"https:\/\/dryavuzbesogul.com\/de\/koltuk-alti-aort-kapak-tamir-ve-degisimi\/#Koltuk_Alti_Aort_Kapak_Ameliyati_Avantajlari\" >Koltuk Alt\u0131 Aort Kapak Ameliyat\u0131 Avantajlar\u0131<\/a><\/li><li class='ez-toc-page-1 ez-toc-heading-level-2'><a class=\"ez-toc-link ez-toc-heading-3\" href=\"https:\/\/dryavuzbesogul.com\/de\/koltuk-alti-aort-kapak-tamir-ve-degisimi\/#%E2%80%98ni_Yapan_Doktorlar_ve_Hastaneler\" >&#8216;n\u0131 Yapan Doktorlar ve Hastaneler<\/a><\/li><li class='ez-toc-page-1 ez-toc-heading-level-2'><a class=\"ez-toc-link ez-toc-heading-4\" href=\"https:\/\/dryavuzbesogul.com\/de\/koltuk-alti-aort-kapak-tamir-ve-degisimi\/#Tuerkiyenin_En_Iyi_Yapan_Doktorlara_Sahip_Olmasinin_Nedenleri\" >T\u00fcrkiye\u2019nin En \u0130yi  Yapan Doktorlara Sahip Olmas\u0131n\u0131n Nedenleri<\/a><\/li><li class='ez-toc-page-1 ez-toc-heading-level-2'><a class=\"ez-toc-link ez-toc-heading-5\" href=\"https:\/\/dryavuzbesogul.com\/de\/koltuk-alti-aort-kapak-tamir-ve-degisimi\/#Fiyatlari_2026\" >Fiyatlar\u0131 2026<\/a><\/li><li class='ez-toc-page-1 ez-toc-heading-level-2'><a class=\"ez-toc-link ez-toc-heading-6\" href=\"https:\/\/dryavuzbesogul.com\/de\/koltuk-alti-aort-kapak-tamir-ve-degisimi\/#Olanlarin_Yorumlari\" >Olanlar\u0131n Yorumlar\u0131<\/a><\/li><li class='ez-toc-page-1 ez-toc-heading-level-2'><a class=\"ez-toc-link ez-toc-heading-7\" href=\"https:\/\/dryavuzbesogul.com\/de\/koltuk-alti-aort-kapak-tamir-ve-degisimi\/#Blogartikel\" >Blogartikel<\/a><\/li><\/ul><\/nav><\/div>\n<h2><span class=\"ez-toc-section\" id=\"Koltuk_Alti_Aort_Kapak_Tamir_ve_Degisimi_Nedir\"><\/span>Koltuk Alt\u0131 Aort Kapak Tamir ve De\u011fi\u015fimi Nedir?<span class=\"ez-toc-section-end\"><\/span><\/h2>\n<p>Koltuk alt\u0131 aort kapak tamir ve de\u011fi\u015fimi, kalp kapa\u011f\u0131na k\u00fc\u00e7\u00fck bir kesiyle ula\u015f\u0131larak yap\u0131lan <strong>minimal invaziv<\/strong> bir kalp cerrahisi y\u00f6ntemidir. Geleneksel a\u00e7\u0131k ameliyata g\u00f6re g\u00f6\u011f\u00fcs kemi\u011fi kesilmeden, hastan\u0131n sa\u011f koltuk alt\u0131ndan girilerek ger\u00e7ekle\u015ftirilir. Bu y\u00f6ntemle aort kapa\u011f\u0131 tamir edilebilir ya da yapay (mekanik veya biyolojik) bir kapakla de\u011fi\u015ftirilebilir. Avantajlar\u0131 aras\u0131nda daha az a\u011fr\u0131, k\u0131sa hastanede kal\u0131\u015f s\u00fcresi, daha k\u00fc\u00e7\u00fck iz ve daha h\u0131zl\u0131 iyile\u015fme bulunur. Ancak her hasta i\u00e7in uygunlu\u011fu, detayl\u0131 bir kardiyolojik de\u011ferlendirme sonras\u0131 belirlenir.<\/p>\n<div class=\"vc_separator wpb_content_element vc_separator_align_left vc_sep_width_100 vc_sep_pos_align_center vc_sep_color_grey vc_separator-has-text\">\n<div class=\"vc_separator wpb_content_element vc_separator_align_left vc_sep_width_100 vc_sep_pos_align_center vc_sep_color_grey vc_separator-has-text\">\n<h2><span class=\"ez-toc-section\" id=\"Koltuk_Alti_Aort_Kapak_Ameliyati_Avantajlari\"><\/span>Koltuk Alt\u0131 Aort Kapak Ameliyat\u0131 Avantajlar\u0131<span class=\"ez-toc-section-end\"><\/span><\/h2>\n<p>\u2022 Kanama riski azd\u0131r.<br \/>\n\u2022 Enfeksiyon riski d\u00fc\u015f\u00fckt\u00fcr.<br \/>\n\u2022 \u0130yile\u015fme s\u00fcresi \u00e7ok daha h\u0131zl\u0131d\u0131r.<br \/>\n\u2022 Estetik olarak ve psikolojik y\u00f6nden hasta ameliyat olmam\u0131\u015f gibidir. Hasta kendisi dahi ameliyat yerini g\u00f6remez.<br \/>\n\u2022 Cinsel ve sosyal sorunlar\u0131 yok denecek kadar az olur.<br \/>\n\u2022 Ameliyat sonras\u0131 hasta istedi\u011fi pozisyonda yatabilir.<br \/>\n\u2022 Ameliyat sonras\u0131 hasta g\u00f6\u011fse gelen darbelerden ka\u00e7\u0131nmak zorunda de\u011fildir.<br \/>\n\u2022 Hastane \u00e7\u0131k\u0131\u015f\u0131nda araba kullanabilir, emniyet kemerini takabilir.<br \/>\n\u2022 Kollar\u0131n\u0131 hi\u00e7 ameliyat olmam\u0131\u015f gibi kullanabilir. A\u011f\u0131r kald\u0131rabilir. K\u0131saca g\u00fcnl\u00fck hayat\u0131na ve eforuna \u00e7ok h\u0131zl\u0131 d\u00f6ner.<\/p>\n<\/div>\n<\/div>\n<h4>Konu ile \u0130lgili \u00d6nemli Yaz\u0131lar<\/h4>\n<ul>\n<li>Aort kapak ameliyat\u0131 nedir ve hangi durumlarda uygulan\u0131r konusunda merak ettiklerinizi bu link \u00fczerinde bulabilirsiniz: <a href=\"https:\/\/dryavuzbesogul.com\/aort-kapak-ameliyati-nedir\/\">Aort Kapak Ameliyat\u0131 Hangi Durumlarda Uygulan\u0131r<\/a><\/li>\n<li>Koltuk alt\u0131 ameliyat\u0131 sonras\u0131 hakk\u0131nda detayl\u0131 bilgi ve Prof. Dr. Yavuz Be\u015fo\u011ful&#8217;un yaz\u0131s\u0131n\u0131 bu linkte bulabilirsiniz : <a href=\"https:\/\/dryavuzbesogul.com\/de\/herzoperation-ueber-die-achselhoehle\/\">Koltukalt\u0131 Kalp Ameliyat\u0131<\/a><\/li>\n<\/ul>\n<h2>'n\u0131 Yapan Doktorlar ve Hastaneler<\/h2>\r\n<p>'n\u0131 <a href=\"https:\/\/dryavuzbesogul.com\/kalp-damar-cerrahisi-nedir-kvc-hangi-hastaliklara-bakar\/\">kalp ve damar cerrahlar\u0131 <\/a>,<a href=\"https:\/\/dryavuzbesogul.com\/kvc-yogun-bakim-unitesi-nedir-hangi-hastaliklari-kapsar\/\">KVC yo\u011fun bak\u0131m\u0131<\/a> olan \u00f6zel hastanelerde veya devlet hastanelerinde yap\u0131l\u0131r.<\/p>\r\n<h2><span class=\"ez-toc-section\" id=\"Tuerkiyenin_En_Iyi_Yapan_Doktorlara_Sahip_Olmasinin_Nedenleri\"><\/span>T\u00fcrkiye\u2019nin En \u0130yi  Yapan Doktorlara Sahip Olmas\u0131n\u0131n Nedenleri<span class=\"ez-toc-section-end\"><\/span><\/h2>\r\n<ul>\r\n<li><strong>Uzman kalp ve damar cerrahlar\u0131:<\/strong> T\u00fcrkiye\u2019de  cerrahisinde deneyimli, yurt i\u00e7i ve yurt d\u0131\u015f\u0131 e\u011fitim alm\u0131\u015f \u00e7ok say\u0131da uzman hekim g\u00f6rev yapmaktad\u0131r.<\/li>\r\n<li><strong>Geli\u015fmi\u015f cerrahi teknikler<\/strong>: Robotik cerrahi, minimal invaziv (k\u00fc\u00e7\u00fck kesili) y\u00f6ntemler ve a\u00e7\u0131k kalp cerrahisi gibi bir\u00e7ok teknik ba\u015far\u0131yla uygulanmaktad\u0131r.<\/li>\r\n<li><strong>Y\u00fcksek ba\u015far\u0131 oran\u0131:<\/strong> Operasyonlarda \u00f6l\u00fcm ve komplikasyon oranlar\u0131 d\u00fc\u015f\u00fckt\u00fcr; hastalar\u0131n \u00e7o\u011fu sa\u011fl\u0131kl\u0131 \u015fekilde normal ya\u015famlar\u0131na d\u00f6nebilmektedir.<\/li>\r\n<li><strong>Donan\u0131ml\u0131 kalp merkezleri:<\/strong> \u00dcniversite ve \u00f6zel hastanelerde, ileri teknolojiyle donat\u0131lm\u0131\u015f ameliyathane ve yo\u011fun bak\u0131m \u00fcniteleri bulunmaktad\u0131r.<\/li>\r\n<li><strong>Erken tan\u0131 ve h\u0131zl\u0131 m\u00fcdahale:<\/strong> Tetkik, tan\u0131 ve operasyon planlamas\u0131 h\u0131zl\u0131 ilerler; hastaya \u00f6zel, zaman\u0131nda m\u00fcdahale imk\u00e2n\u0131 sunulur.<\/li>\r\n<li><strong>Kapsaml\u0131 hasta takibi:<\/strong> Ameliyat sonras\u0131 bak\u0131m, d\u00fczenli kontroller ve kardiyolojik izlem s\u00fcre\u00e7leri titizlikle y\u00fcr\u00fct\u00fclmektedir.<\/li>\r\n<li><strong>Eri\u015filebilir maliyetler:<\/strong> Kaliteli sa\u011fl\u0131k hizmeti, Avrupa ve Amerika\u2019ya g\u00f6re \u00e7ok daha uygun fiyatlarla sunulmaktad\u0131r.<\/li>\r\n<\/ul>\r\n<h2><span class=\"ez-toc-section\" id=\"Fiyatlari_2026\"><\/span> Fiyatlar\u0131 2026<span class=\"ez-toc-section-end\"><\/span><\/h2>\r\n<p>Ortalama n\u0131 online ortamda yazam\u0131yoruz. Hastan\u0131n durumuna, ameliyat\u0131n yap\u0131laca\u011f\u0131 hastane, \u0130zmir \u0130stanbul veya Ankara gibi ameliyat\u0131n yap\u0131laca\u011f\u0131 \u015fehirlere g\u00f6re fiyatlar de\u011fi\u015fmektedir.<\/p>\r\n<h2><span class=\"ez-toc-section\" id=\"Olanlarin_Yorumlari\"><\/span> Olanlar\u0131n Yorumlar\u0131<span class=\"ez-toc-section-end\"><\/span><\/h2>\r\n<p><a href=\"https:\/\/dryavuzbesogul.com\/kalp-ameliyati-olanlarin-yorumlari-ve-deneyimleri\/\">Prof. Dr. Yavuz Be\u015fo\u011ful'un hasta yorumlar\u0131<\/a> i\u00e7in <a href=\"https:\/\/g.co\/kgs\/avfo2xY\">Google Haritalar<\/a>\u00a0 ve <a href=\"https:\/\/www.doktortakvimi.com\/yavuz-besogul\/kalp-ve-damar-cerrahisi\/istanbul\" target=\"_blank\" rel=\"noopener\">Doktor Takvimi<\/a> 'ni ziyaret edebilirsiniz.<\/p>\r\n<p>&nbsp;<\/p>\n<div class=\"container section-title-container\" ><h2 class=\"section-title section-title-normal\"><span class=\"ez-toc-section\" id=\"Blogartikel\"><\/span><b><\/b><span class=\"section-title-main\" >Blogartikel<\/span><b><\/b><span class=\"ez-toc-section-end\"><\/span><\/h2><\/div>\r\n\r\n\n  \n    <div class=\"row large-columns-4 medium-columns-1 small-columns-1\" >\n  <\/div>\r\n\n","protected":false},"excerpt":{"rendered":"<p>Halkaras\u0131nda kapal\u0131 aort kapak ameliyat\u0131 veya koltukalt\u0131 aort kapak ameliyat\u0131 denen minimal invaziv aort kapak cerrahisi y\u00f6ntemidir. Minimal invaziv Aort kapak ameliyat\u0131 tekniklerinden biri olan bu giri\u015f yolu koltukalt\u0131ndan 4 veya 5 santimlik kesi ile kas ve kemik kesmeden ve v\u00fccudun ba\u015fka bir yerine hi\u00e7bir kesi yapmadan aort kapa\u011f\u0131 tamir ve de\u011fi\u015ftirme ameliyatlar\u0131d\u0131r. \u00d6nden yap\u0131lan [&#8230;]\n","protected":false},"author":7,"featured_media":0,"parent":0,"menu_order":0,"comment_status":"closed","ping_status":"closed","template":"page-blank-title-center.php","meta":{"footnotes":""},"class_list":["post-10382","page","type-page","status-publish","hentry"],"_links":{"self":[{"href":"https:\/\/dryavuzbesogul.com\/de\/wp-json\/wp\/v2\/pages\/10382","targetHints":{"allow":["GET"]}}],"collection":[{"href":"https:\/\/dryavuzbesogul.com\/de\/wp-json\/wp\/v2\/pages"}],"about":[{"href":"https:\/\/dryavuzbesogul.com\/de\/wp-json\/wp\/v2\/types\/page"}],"author":[{"embeddable":true,"href":"https:\/\/dryavuzbesogul.com\/de\/wp-json\/wp\/v2\/users\/7"}],"replies":[{"embeddable":true,"href":"https:\/\/dryavuzbesogul.com\/de\/wp-json\/wp\/v2\/comments?post=10382"}],"version-history":[{"count":2,"href":"https:\/\/dryavuzbesogul.com\/de\/wp-json\/wp\/v2\/pages\/10382\/revisions"}],"predecessor-version":[{"id":13246,"href":"https:\/\/dryavuzbesogul.com\/de\/wp-json\/wp\/v2\/pages\/10382\/revisions\/13246"}],"wp:attachment":[{"href":"https:\/\/dryavuzbesogul.com\/de\/wp-json\/wp\/v2\/media?parent=10382"}],"curies":[{"name":"wp","href":"https:\/\/api.w.org\/{rel}","templated":true}]}}