{"id":10404,"date":"2019-11-22T09:36:20","date_gmt":"2019-11-22T06:36:20","guid":{"rendered":"https:\/\/dryavuzbesogul.com\/katildigi-kongreler-2\/"},"modified":"2025-08-07T14:36:46","modified_gmt":"2025-08-07T11:36:46","slug":"katildigi-kongreler","status":"publish","type":"page","link":"https:\/\/dryavuzbesogul.com\/de\/prof-dr-yavuz-besogul\/katildigi-kongreler\/","title":{"rendered":"Teilgenommene Kongresse"},"content":{"rendered":"<p class=\"p1\">1. B. T\u00fcnerir, <b>Be\u015fo\u011ful Yavuz,<\/b> M. \u0130kizler, S. Dernek, R. Aslan, T. Kural, B. Sevin. \u201eVergleich der Ergebnisse von infrainguinalen autologen Venen- und synthetischen Gef\u00e4\u00dftransplantaten.\u201c VIII. Nationaler Kongress f\u00fcr Gef\u00e4\u00dfchirurgie, 1996, Izmir.<\/p>\n<p class=\"p1\">2. B. T\u00fcnerir, <b>Yavuz Be\u015fo\u011ful,<\/b> S. Dernek, T. Yavuz, T. Kural, R. Aslan, B. Sevin. \u201eErgebnisse peripherer Arterienverletzungen mit begleitenden Knochenfrakturen.\u201c VIII. Nationaler Kongress f\u00fcr Gef\u00e4\u00dfchirurgie, 1996, Izmir.<\/p>\n<p class=\"p1\">3. B. T\u00fcnerir, R. Aslan, <b>Yavuz Be\u015fo\u011ful,<\/b> T. Kural, B. Sevin, S. Dernek. \u201eAuswirkungen der pr\u00e4operativen Gabe von Glukose-Insulin-Kalium-(GIK)-L\u00f6sung auf myokardiale Glykogendepots und fr\u00fche postoperative Komplikationen bei Patienten mit Mitralklappenersatz.\u201c XII. Nationaler Kardiologiekongress, 1996, Antalya.<\/p>\n<p class=\"p1\">4. B. T\u00fcnerir, <b>Yavuz Be\u015fo\u011ful,<\/b> T. Yavuz, S. Dernek, T. Kural, R. Aslan, B. Sevin. \u201eRolle des nasalen Staphylococcus aureus-Tr\u00e4gers und postoperativer Blutungen bei Sternuminfektionen nach Herzchirurgie.\u201c 13. Antibiotika- und Chemotherapiekongress, 1998, Antalya.<\/p>\n<p class=\"p1\">5. B. T\u00fcnerir, M. \u015eenel, S. Dernek, <b>Be\u015fo\u011ful Yavuz,<\/b> R. Aslan, B. Sevin, T. Kural. \u201eVergleich von Streptokinase- und Heparintherapien bei akuter tiefer Venenthrombose.\u201c IX. Nationaler Kongress f\u00fcr Gef\u00e4\u00dfchirurgie, 1998, Antalya.<\/p>\n<p class=\"p1\">6. B. T\u00fcnerir, <b>Yavuz Be\u015fo\u011ful,<\/b> T. Yavuz, \u00d6. Uygu\u00e7, A. Equidat, B. Sevin, T. Kural, R. Aslan. \u201eBeurteilung der kardioprotektiven Wirkung von Trimetazidin in der Koronar-Bypass-Chirurgie anhand von Troponin-T-Werten.\u201c XIV. Nationaler Kardiologiekongress, 1998, Antalya.<\/p>\n<p class=\"p1\">7. B. T\u00fcnerir, <b>Be\u015fo\u011ful Yavuz,<\/b> A. Equidat, T. Yavuz, R. Aslan, B. Sevin, T. Kural. \u201eAuswirkung von Nitrovazodilatatoren auf den NO-cGMP-Signalweg w\u00e4hrend kardiopulmonalem Bypass.\u201c XIV. Nationaler Kardiologiekongress, 1998, Antalya.<\/p>\n<p class=\"p1\">8. B. T\u00fcnerir, <b>Yavuz Be\u015fo\u011ful,<\/b> A. Equidat, T. Yavuz, R. Aslan, B. Sevin, T. Kural. \u201eAuswirkung von Nitrovazodilatatoren auf den NO-cGMP-Signalweg w\u00e4hrend kardiopulmonalem Bypass.\u201c V. Nationaler Kongress f\u00fcr Thorax-, Herz- und Gef\u00e4\u00dfchirurgie, 1998, Antalya.<\/p>\n<p class=\"p1\">9. T. Yavuz, E. \u0130bri\u015fim, A. \u00d6cal, <b>Yavuz Be\u015fo\u011ful,<\/b> A. Kutsal. \u201eBehandlung von Sepsis und Trikuspidalstenose durch intrakardialen freien Pacemaker-Lead.\u201c 2. Internationaler T\u00fcrkischsprachiger Kardiologiekongress, 2000, Antalya.<\/p>\n<p class=\"p1\">10. T. Yavuz, A. Top\u00e7u, <b>Yavuz Be\u015fo\u011ful,<\/b> O. K\u0131nay, H. D\u00fcver, E. \u0130bri\u015fim, A. \u00d6cal, A. Kutsal. \u201eVerwendung von Theophyllin bei Vorhofflimmern nach Koronar-Bypass-Operation (placebokontrollierte klinische Studie).\u201c XVII. Nationaler Kardiologiekongress, 2001, Izmir.<\/p>\n<p class=\"p1\">11. <b>Yavuz Be\u015fo\u011ful,<\/b> B. T\u00fcnerir, V. \u00d6zcan, T. Yavuz, T. Erden, R. Aslan. \u201eEin neuer minimal-invasiver Ansatz durch rechten subaxill\u00e4ren Zugang in der Herzchirurgie.\u201c T\u00fcrkischer Kongress f\u00fcr Herz- und Gef\u00e4\u00dfchirurgie VII, 2002, Antalya.<\/p>\n<p class=\"p1\">12. <b>Yavuz Be\u015fo\u011ful,<\/b> B. T\u00fcnerir, C. \u00d6zdemir, T. Yavuz, V. \u00d6zcan, R. Aslan. \u201eVerwendung von Tranexams\u00e4ure und deren Auswirkungen auf die postoperative H\u00e4mostase bei der offenen Herzchirurgie.\u201c T\u00fcrkischer Kongress f\u00fcr Herz- und Gef\u00e4\u00dfchirurgie VII, 2002, Antalya.<\/p>\n<p class=\"p1\">13. <b>Yavuz Be\u015fo\u011ful,<\/b> \u0130. G\u00f6k\u015fin, V. \u00d6zcan, G. \u00d6nem, B. T\u00fcnerir, R. Aslan. \u201eFaktoren, die die spontane kardiale Aktivit\u00e4t nach der Entfernung der X-Klemme w\u00e4hrend des Austritts aus dem kardiopulmonalen Bypass bei Patienten mit CABG beeinflussen.\u201c T\u00fcrkischer Kongress f\u00fcr Herz- und Gef\u00e4\u00dfchirurgie VII, 2002, Antalya.<\/p>\n<p class=\"p1\">14. V. \u00d6zcan, <b>Yavuz Be\u015fo\u011ful,<\/b> B. T\u00fcnerir, S. Dernek, T. Erden, B. Sevin, R. Aslan, T. Kural. \u201eWirksamkeit einer mit Glutamat und Aspartat angereicherten kalten kristalloiden Kardioplegie auf den myokardialen Schutz w\u00e4hrend der offenen Herzchirurgie.\u201c T\u00fcrkischer Kongress f\u00fcr Herz- und Gef\u00e4\u00dfchirurgie VII, 2002, Antalya.<\/p>\n<p class=\"p1\">15. T. Yavuz, \u0130. Altunta\u015f, H. Okutan, O. Peker, \u0130. K\u0131l\u0131n\u00e7, <b>Yavuz Be\u015fo\u011ful,<\/b> H. D\u00fcver, B. T\u00fcnerir, A. \u00d6cal, E. \u0130bri\u015fim, N. Deliba\u015f, A. Kutsal, R. Aslan. \u201eDie Auswirkungen von g\u00e4ngigen Saphenavenen-Konservierungsl\u00f6sungen auf endotheliale Sch\u00e4den.\u201c T\u00fcrkischer Kongress f\u00fcr Herz- und Gef\u00e4\u00dfchirurgie VII, 2002, Antalya.<\/p>\n<p class=\"p1\">16. <b>Be\u015fo\u011ful Yavuz,<\/b> V. \u00d6zcan, \u0130. G\u00f6k\u015fin, B. T\u00fcnerir, G. \u00d6nem, T. Erden, R. Aslan. \u201eZusammenhang zwischen niedriger Ejektionsfraktion und Temperatur f\u00fcr ventrikul\u00e4re Fibrillation w\u00e4hrend Hypothermie bei elektiven Koronar-Bypass-Operationen.\u201c T\u00fcrkischer Kongress f\u00fcr Herz- und Gef\u00e4\u00dfchirurgie VII, 2002, Antalya.<\/p>\n<p class=\"p1\">17. <b>Yavuz Be\u015fo\u011ful,<\/b> V. \u00d6zcan, B. T\u00fcnerir, \u0130. G\u00f6k\u015fin, G. \u00d6nem, T. Erden, R. Aslan. \u201eUnsere chirurgischen Erfahrungen bei peripheren Gef\u00e4\u00dfverletzungen.\u201c T\u00fcrkischer Kongress f\u00fcr Herz- und Gef\u00e4\u00dfchirurgie VII, 2002, Antalya.<\/p>\n<p class=\"p1\">18. C. \u00d6zdemir, M. \u0130kizler, <b>Yavuz Be\u015fo\u011ful,<\/b> S. Dernek, B. T\u00fcnerir, B. Sevin, R. Aslan, T. Kural. \u201eTopische Iloprost-Anwendung als alternatives Mittel gegen Radialarterien-Transplantatspasmus und Vergleich der Wirksamkeit mit Papaverin und Diltiazem.\u201c T\u00fcrkischer Kongress f\u00fcr Herz- und Gef\u00e4\u00dfchirurgie IX, 1.\u20135. November 2006, Antalya.<\/p>\n<p class=\"p1\">19. H. Gemalmaz, M. \u00d6zbayburtlu, <b>Yavuz Be\u015fo\u011ful,<\/b> R. Aslan. \u201eInfrarenale totale abdominale Aortenokklusion und thorakofemoraler Bypass.\u201c 13. Nationaler Kongress f\u00fcr Gef\u00e4\u00dfchirurgie, Mai 2007.<\/p>\n<p class=\"p1\">20. H. Gemalmaz, <b>Yavuz Be\u015fo\u011ful.<\/b> \u201eKombinierte CABG- und Subclavia-Rekonstruktion.\u201c 13. Nationaler Kongress f\u00fcr Gef\u00e4\u00dfchirurgie, Mai 2007.<\/p>\n<p class=\"p1\">21. H. Gemalmaz, G. Arslan, <b>Yavuz Be\u015fo\u011ful.<\/b> \u201eAtherosklerotisches, riesiges rechtes Subclavia-Aneurysma, das ein Karotisarterienaneurysma imitiert.\u201c 14. Nationaler Kongress f\u00fcr Gef\u00e4\u00dfchirurgie, 2009;18(2) TP122.<\/p>\n<p class=\"p1\">22. Y. Be\u015fo\u011ful. \u201eEin neuer minimal-invasiver Ansatz durch rechten subaxill\u00e4ren Zugang in der Herzchirurgie.\u201c T\u00fcrkischer Kongress f\u00fcr Herz- und Gef\u00e4\u00dfchirurgie VII, 2002.<\/p>\n","protected":false},"excerpt":{"rendered":"<p>1. B. T\u00fcnerir, Be\u015fo\u011ful Yavuz, M. \u0130kizler, S. Dernek, R. Aslan, T. Kural, B. Sevin. \u201eVergleich der Ergebnisse von infrainguinalen autologen Venen- und synthetischen Gef\u00e4\u00dftransplantaten.\u201c VIII. Nationaler Kongress f\u00fcr Gef\u00e4\u00dfchirurgie, 1996, Izmir. 2. B. T\u00fcnerir, Yavuz Be\u015fo\u011ful, S. Dernek, T. Yavuz, T. Kural, R. Aslan, B. Sevin. \u201eErgebnisse peripherer Arterienverletzungen mit begleitenden Knochenfrakturen.\u201c VIII. Nationaler [&#8230;]\n","protected":false},"author":7,"featured_media":0,"parent":10416,"menu_order":0,"comment_status":"closed","ping_status":"closed","template":"page-blank-title-center.php","meta":{"footnotes":""},"class_list":["post-10404","page","type-page","status-publish","hentry"],"_links":{"self":[{"href":"https:\/\/dryavuzbesogul.com\/de\/wp-json\/wp\/v2\/pages\/10404","targetHints":{"allow":["GET"]}}],"collection":[{"href":"https:\/\/dryavuzbesogul.com\/de\/wp-json\/wp\/v2\/pages"}],"about":[{"href":"https:\/\/dryavuzbesogul.com\/de\/wp-json\/wp\/v2\/types\/page"}],"author":[{"embeddable":true,"href":"https:\/\/dryavuzbesogul.com\/de\/wp-json\/wp\/v2\/users\/7"}],"replies":[{"embeddable":true,"href":"https:\/\/dryavuzbesogul.com\/de\/wp-json\/wp\/v2\/comments?post=10404"}],"version-history":[{"count":2,"href":"https:\/\/dryavuzbesogul.com\/de\/wp-json\/wp\/v2\/pages\/10404\/revisions"}],"predecessor-version":[{"id":12583,"href":"https:\/\/dryavuzbesogul.com\/de\/wp-json\/wp\/v2\/pages\/10404\/revisions\/12583"}],"up":[{"embeddable":true,"href":"https:\/\/dryavuzbesogul.com\/de\/wp-json\/wp\/v2\/pages\/10416"}],"wp:attachment":[{"href":"https:\/\/dryavuzbesogul.com\/de\/wp-json\/wp\/v2\/media?parent=10404"}],"curies":[{"name":"wp","href":"https:\/\/api.w.org\/{rel}","templated":true}]}}