{"id":10416,"date":"2019-09-24T11:42:59","date_gmt":"2019-09-24T08:42:59","guid":{"rendered":"https:\/\/dryavuzbesogul.com\/prof-dr-yavuz-besogul\/"},"modified":"2025-08-07T14:23:58","modified_gmt":"2025-08-07T11:23:58","slug":"prof-dr-yavuz-besogul","status":"publish","type":"page","link":"https:\/\/dryavuzbesogul.com\/de\/prof-dr-yavuz-besogul\/","title":{"rendered":"Prof. Dr. Yavuz Be\u015fo\u011ful"},"content":{"rendered":"<p>AUSBILDUNG UND ERFAHRUNG:<\/p>\n<ul>\n<li>1982-1989: Medizinische Fakult\u00e4t der Erciyes Universit\u00e4t,<\/li>\n<li>1991-1996: Abteilung f\u00fcr Herz- und Gef\u00e4\u00dfchirurgie, Medizinische Fakult\u00e4t der Anadolu Universit\u00e4t,<\/li>\n<li>1997-2003: Abteilung f\u00fcr Herz- und Gef\u00e4\u00dfchirurgie, Medizinische Fakult\u00e4t der Eski\u015fehir Osmangazi Universit\u00e4t; Assistenzprofessor<\/li>\n<li>2003-2009: Abteilung f\u00fcr Herz- und Gef\u00e4\u00dfchirurgie, Medizinische Fakult\u00e4t der Eski\u015fehir Osmangazi Universit\u00e4t; Dozent<\/li>\n<li>2009-2012: Abteilung f\u00fcr Herz- und Gef\u00e4\u00dfchirurgie, Medizinische Fakult\u00e4t der Eski\u015fehir Osmangazi Universit\u00e4t; Professor<\/li>\n<li>2012-2014: K\u0131z\u0131ltoprak Florance Nightingale Krankenhaus, Abteilung f\u00fcr Herz- und Gef\u00e4\u00dfchirurgie; Professor<\/li>\n<li>2014-2017: Medicana \u00c7aml\u0131ca Krankenhaus, Herz- und Gef\u00e4\u00dfchirurgie; Professor<\/li>\n<li>2017-2023: \u0130stinye Universit\u00e4t (Medikalpark), Fakult\u00e4t f\u00fcr Medizin, Forschungs- und Anwendungskrankenhaus, Abteilung f\u00fcr Herz- und Gef\u00e4\u00dfchirurgie; Professor<\/li>\n<li>Seit 2024: Fakult\u00e4tskrankenhaus der Biruni Universit\u00e4t, Abteilung f\u00fcr Herz- und Gef\u00e4\u00dfchirurgie; Professor.<\/li>\n<\/ul>\n<p>ERFAHRUNGSBEREICHE UND OPERATIONEN:<\/p>\n<ul>\n<li>GESCHLOSSENE HERZOPERATIONEN (MINIMAL-INVASIV) \u2013 Herzklappen- und Bypass-Operationen<\/li>\n<li>HERZKLAPPENOPERATIONEN UNTER DER ACHSEL \u2013 Herzklappen- und Bypass-Operationen<\/li>\n<li>REPARATUR UND ERSATZ VON HERZKLAPPEN<\/li>\n<li>KORONARE BYPASS-OPERATIONEN<\/li>\n<li>BYPASS-OPERATIONEN AM SCHLAGENDEN HERZEN (MINIMAL-INVASIV)<\/li>\n<li>PERIPHERE GEF\u00c4SSOPERATIONEN<\/li>\n<li>BEHANDLUNG DES BUERGER-SYNDROMS<\/li>\n<li>BEHANDLUNG DES RAYNAUD-SYNDROMS<\/li>\n<li>BEHANDLUNG DES DIABETISCHEN FUSSES UND DER HAND<\/li>\n<li>SYMPATHEKTOMIE-OPERATIONEN<\/li>\n<li>KAROTISARTERIE (HALSSCHLAGADER)-OPERATIONEN<\/li>\n<li>BEHANDLUNG VON VENEN-THROMBOSEN<\/li>\n<li>BEHANDLUNG DER VENENSCHW\u00c4CHE<\/li>\n<li>KRAMPFADERN-OPERATIONEN UND SKLEROTHERAPIE (SCHAUMTHERAPIE)<\/li>\n<\/ul>\n<p>Er ist Autor von 110 internationalen und nationalen wissenschaftlichen Publikationen sowie eines Buchkapitels.<\/p>\n<p>Er ist Mitglied der T\u00fcrkischen Gesellschaft f\u00fcr Herz- und Gef\u00e4\u00dfchirurgie, der Nationalen Gesellschaft f\u00fcr Gef\u00e4\u00dfchirurgie und der Gesellschaft f\u00fcr Phlebologie. Er ist Gutachter f\u00fcr das International Journal of Interventional Cardiology. Zudem ist er Beiratsmitglied der Zeitschriften T\u00fcrkiye Klinikleri und Journal of Cardiovascular Sciences. Derzeit ist er auch als Berater in wissenschaftlichen Zeitschriften verschiedener medizinischer Fakult\u00e4ten t\u00e4tig.<\/p>\n<p>Seit 1997 f\u00fchrt er Herzoperationen mit minimal-invasiven Methoden in der Herz- und Gef\u00e4\u00dfchirurgie durch. In diesen Jahren hat er die von ihm durchgef\u00fchrten Herzklappenoperationen mit diesen Methoden in den Jahren 1999, 2001, 2002, 2003 und 2004 auf nationalen und internationalen Kongressen und in Fachzeitschriften pr\u00e4sentiert und ver\u00f6ffentlicht. Sie wurden auf internationalen und nationalen Kongressen anerkannt. Im Jahr 2012 wurde dies erstmals in den Medien (Hauptnachrichtensendungen) vorgestellt.<\/p>\n<p>In den Folgejahren kombinierte er diese Arbeiten mit Operationen am schlagenden Herzen und f\u00fchrte koronare Bypass-Operationen durch.<\/p>\n","protected":false},"excerpt":{"rendered":"<p>AUSBILDUNG UND ERFAHRUNG: 1982-1989: Medizinische Fakult\u00e4t der Erciyes Universit\u00e4t, 1991-1996: Abteilung f\u00fcr Herz- und Gef\u00e4\u00dfchirurgie, Medizinische Fakult\u00e4t der Anadolu Universit\u00e4t, 1997-2003: Abteilung f\u00fcr Herz- und Gef\u00e4\u00dfchirurgie, Medizinische Fakult\u00e4t der Eski\u015fehir Osmangazi Universit\u00e4t; Assistenzprofessor 2003-2009: Abteilung f\u00fcr Herz- und Gef\u00e4\u00dfchirurgie, Medizinische Fakult\u00e4t der Eski\u015fehir Osmangazi Universit\u00e4t; Dozent 2009-2012: Abteilung f\u00fcr Herz- und Gef\u00e4\u00dfchirurgie, Medizinische Fakult\u00e4t der [&#8230;]\n","protected":false},"author":7,"featured_media":0,"parent":0,"menu_order":0,"comment_status":"closed","ping_status":"closed","template":"page-blank-title-center.php","meta":{"footnotes":""},"class_list":["post-10416","page","type-page","status-publish","hentry"],"_links":{"self":[{"href":"https:\/\/dryavuzbesogul.com\/de\/wp-json\/wp\/v2\/pages\/10416","targetHints":{"allow":["GET"]}}],"collection":[{"href":"https:\/\/dryavuzbesogul.com\/de\/wp-json\/wp\/v2\/pages"}],"about":[{"href":"https:\/\/dryavuzbesogul.com\/de\/wp-json\/wp\/v2\/types\/page"}],"author":[{"embeddable":true,"href":"https:\/\/dryavuzbesogul.com\/de\/wp-json\/wp\/v2\/users\/7"}],"replies":[{"embeddable":true,"href":"https:\/\/dryavuzbesogul.com\/de\/wp-json\/wp\/v2\/comments?post=10416"}],"version-history":[{"count":2,"href":"https:\/\/dryavuzbesogul.com\/de\/wp-json\/wp\/v2\/pages\/10416\/revisions"}],"predecessor-version":[{"id":12577,"href":"https:\/\/dryavuzbesogul.com\/de\/wp-json\/wp\/v2\/pages\/10416\/revisions\/12577"}],"wp:attachment":[{"href":"https:\/\/dryavuzbesogul.com\/de\/wp-json\/wp\/v2\/media?parent=10416"}],"curies":[{"name":"wp","href":"https:\/\/api.w.org\/{rel}","templated":true}]}}