{"id":10417,"date":"2019-09-24T11:42:29","date_gmt":"2019-09-24T08:42:29","guid":{"rendered":"https:\/\/dryavuzbesogul.com\/iletisim\/"},"modified":"2026-04-01T16:23:37","modified_gmt":"2026-04-01T13:23:37","slug":"kontakt","status":"publish","type":"page","link":"https:\/\/dryavuzbesogul.com\/de\/kontakt\/","title":{"rendered":"Kontakt"},"content":{"rendered":"\n\t<section class=\"section\" id=\"section_1160116586\">\n\t\t<div class=\"section-bg fill\" >\n\t\t\t<img decoding=\"async\" width=\"1920\" height=\"1100\" src=\"https:\/\/dryavuzbesogul.com\/wp-content\/uploads\/2021\/09\/hero_contact.jpg\" class=\"bg attachment-2048x2048 size-2048x2048\" alt=\"\">\t\t\t\t\t\t\n\t\t\t\n\n\t\t<\/div>\n\n\t\t\n\n\t\t<div class=\"section-content relative\">\n\t\t\t\n  <div id=\"page-header-1095887301\" class=\"page-header-wrapper\">\n  <div class=\"page-title dark simple-title\">\n\n    \n    <div class=\"page-title-inner container align-center flex-row medium-flex-wrap\" >\n              <div class=\"title-wrapper is-xxlarge flex-col text-left medium-text-center\">\n          <h1 class=\"entry-title mb-0\">\n            Kontakt          <\/h1>\n        <\/div>\n                    <div class=\"title-content flex-col flex-right text-right medium-text-center\">\n        <div class=\"title-breadcrumbs pb-half pt-half\"><\/div>      <\/div>\n    <\/div>\n\n       <\/div>\n    <\/div>\n  \n\t\t<\/div>\n\n\t\t\n<style>\n#section_1160116586 {\n  padding-top: 200px;\n  padding-bottom: 200px;\n}\n#section_1160116586 .section-bg img {\n  object-position: 42% 9%;\n}\n<\/style>\n\t<\/section>\n\t\n\n\t<section class=\"section\" id=\"section_1116407571\">\n\t\t<div class=\"section-bg fill\" >\n\t\t\t<img decoding=\"async\" width=\"1920\" height=\"1200\" src=\"https:\/\/dryavuzbesogul.com\/wp-content\/uploads\/2021\/09\/background_12.jpg\" class=\"bg attachment-2048x2048 size-2048x2048\" alt=\"\">\t\t\t\t\t\t\n\t\t\t\n\n\t\t<\/div>\n\n\t\t\n\n\t\t<div class=\"section-content relative\">\n\t\t\t\n<div class=\"row\"  id=\"row-1603527186\">\n\n\t<div id=\"col-69995517\" class=\"col medium-6 small-12 large-6\"  >\n\t\t\t\t<div class=\"col-inner\"  >\n\t\t\t\n\t\t\t\n<p><span style=\"font-size: 250%;\"><strong>Vereinbaren Sie einen Termin<\/strong><\/span><\/p>\n<p>Kontaktieren Sie uns, um Informationen zu Herz- und Gef\u00e4\u00dfchirurgie zu erhalten und einen Termin bei Prof. Dr. Yavuz Be\u015fo\u011ful zu vereinbaren.<\/p>\n<div class=\"row\"  id=\"row-927913935\">\n\n\t<div id=\"col-711175500\" class=\"col medium-6 small-12 large-6\"  >\n\t\t\t\t<div class=\"col-inner\"  >\n\t\t\t\n\t\t\t\n\n\t\t<div class=\"icon-box featured-box icon-box-top text-left\"  >\n\t\t\t\t\t<div class=\"icon-box-img\" style=\"width: 50px\">\n\t\t\t\t<div class=\"icon\">\n\t\t\t\t\t<div class=\"icon-inner\" >\n\t\t\t\t\t\t<img decoding=\"async\" width=\"400\" height=\"400\" src=\"https:\/\/dryavuzbesogul.com\/wp-content\/uploads\/2025\/06\/3-400x400.png\" class=\"attachment-medium size-medium\" alt=\"\" srcset=\"https:\/\/dryavuzbesogul.com\/wp-content\/uploads\/2025\/06\/3-400x400.png 400w, https:\/\/dryavuzbesogul.com\/wp-content\/uploads\/2025\/06\/3-280x280.png 280w, https:\/\/dryavuzbesogul.com\/wp-content\/uploads\/2025\/06\/3.png 512w\" sizes=\"(max-width: 400px) 100vw, 400px\">\t\t\t\t\t<\/div>\n\t\t\t\t<\/div>\n\t\t\t<\/div>\n\t\t\t\t<div class=\"icon-box-text last-reset\">\n\t\t\t\t\t\t\t\t\t\n<p><strong>Arbeitszeiten<\/strong><\/p>\n<p>Mo\u2013Fr: 08:00 \u2013 18:00<br \/>\nSamstag: 08:00 \u2013 15:00<br \/>\nSonntag: Geschlossen<\/p>\n\t\t<\/div>\n\t<\/div>\n\t\n\t\n\t\t<\/div>\n\t\t\t\t\t<\/div>\n\n\t\n\n\t<div id=\"col-520979919\" class=\"col medium-6 small-12 large-6\"  >\n\t\t\t\t<div class=\"col-inner\"  >\n\t\t\t\n\t\t\t\n\n\t\t<div class=\"icon-box featured-box icon-box-top text-left\"  >\n\t\t\t\t\t<div class=\"icon-box-img\" style=\"width: 50px\">\n\t\t\t\t<div class=\"icon\">\n\t\t\t\t\t<div class=\"icon-inner\" >\n\t\t\t\t\t\t<img decoding=\"async\" width=\"400\" height=\"400\" src=\"https:\/\/dryavuzbesogul.com\/wp-content\/uploads\/2025\/06\/Adsiz-tasarim-3-400x400.png\" class=\"attachment-medium size-medium\" alt=\"\" srcset=\"https:\/\/dryavuzbesogul.com\/wp-content\/uploads\/2025\/06\/Adsiz-tasarim-3-400x400.png 400w, https:\/\/dryavuzbesogul.com\/wp-content\/uploads\/2025\/06\/Adsiz-tasarim-3-280x280.png 280w, https:\/\/dryavuzbesogul.com\/wp-content\/uploads\/2025\/06\/Adsiz-tasarim-3.png 512w\" sizes=\"(max-width: 400px) 100vw, 400px\">\t\t\t\t\t<\/div>\n\t\t\t\t<\/div>\n\t\t\t<\/div>\n\t\t\t\t<div class=\"icon-box-text last-reset\">\n\t\t\t\t\t\t\t\t\t\n<p><strong>Soziale Medien<\/strong><\/p>\n<p>\u2192 <a href=\"https:\/\/www.facebook.com\/DoktorYavuzBesogul\" target=\"_blank\" rel=\"noopener\">Facebook<\/a><br \/>\n\u2192 <a href=\"https:\/\/www.youtube.com\/@Prof.Dr.YavuzBesogul\" target=\"_blank\" rel=\"noopener\">YouTube<\/a><br \/>\n\u2192 <a href=\"https:\/\/www.instagram.com\/prof.dr.yavuzbesogul\/\" target=\"_blank\" rel=\"noopener\">Instagram<\/a><\/p>\n\t\t<\/div>\n\t<\/div>\n\t\n\t\n\t\t<\/div>\n\t\t\t\t\t<\/div>\n\n\t\n<\/div>\n\t\t<\/div>\n\t\t\t\t\t<\/div>\n\n\t\n\n\t<div id=\"col-1494661946\" class=\"col medium-6 small-12 large-6\"  >\n\t\t\t\t<div class=\"col-inner\" style=\"background-color:rgb(245, 245, 245);\" >\n\t\t\t\n\t\t\t\n<p><span style=\"font-size: 250%;\"><strong>Vereinbaren Sie einen Termin<\/strong><\/span><\/p>\n<p>Kontaktieren Sie uns, um Informationen zu Herz- und Gef\u00e4\u00dfchirurgie zu erhalten und einen Termin bei Prof. Dr. Yavuz Be\u015fo\u011ful zu vereinbaren.<\/p>\n<div class=\"row\"  id=\"row-1420356034\">\n\n\t<div id=\"col-1961000310\" class=\"col medium-6 small-12 large-6\"  >\n\t\t\t\t<div class=\"col-inner\"  >\n\t\t\t\n\t\t\t\n<div><strong>Termin per Telefon<\/strong><\/div>\n\n\t<a class=\"plain\" href=\"tel:%20+90%20530%20035%2044%2002\" >\t<div class=\"icon-box featured-box icon-box-left text-left\"  >\n\t\t\t\t\t<div class=\"icon-box-img\" style=\"width: 25px\">\n\t\t\t\t<div class=\"icon\">\n\t\t\t\t\t<div class=\"icon-inner\" >\n\t\t\t\t\t\t<img decoding=\"async\" width=\"400\" height=\"400\" src=\"https:\/\/dryavuzbesogul.com\/wp-content\/uploads\/2025\/06\/2-400x400.png\" class=\"attachment-medium size-medium\" alt=\"\" srcset=\"https:\/\/dryavuzbesogul.com\/wp-content\/uploads\/2025\/06\/2-400x400.png 400w, https:\/\/dryavuzbesogul.com\/wp-content\/uploads\/2025\/06\/2-280x280.png 280w, https:\/\/dryavuzbesogul.com\/wp-content\/uploads\/2025\/06\/2.png 512w\" sizes=\"(max-width: 400px) 100vw, 400px\">\t\t\t\t\t<\/div>\n\t\t\t\t<\/div>\n\t\t\t<\/div>\n\t\t\t\t<div class=\"icon-box-text last-reset\">\n\t\t\t\t\t\t\t\t\t\n<p>+90 530 035 44 02<\/p>\n\t\t<\/div>\n\t<\/div>\n\t<\/a>\n\t\n\t\t<\/div>\n\t\t\t\t\t<\/div>\n\n\t\n\n\t<div id=\"col-1687639642\" class=\"col medium-6 small-12 large-6\"  >\n\t\t\t\t<div class=\"col-inner\"  >\n\t\t\t\n\t\t\t\n\n\t<a class=\"plain\" href=\"https:\/\/www.google.com\/maps\/place\/Prof.+Dr.+Yavuz+Be%C5%9Fo%C4%9Ful+%7C+Kalp+Ve+Damar+Cerrahisi+%C4%B0stanbul\/@40.9887295,28.7936011,17z\/data=!3m1!4b1!4m6!3m5!1s0x14caa371f1b3c14b:0x9af576d08931d582!8m2!3d40.9887295!4d28.796176!16s%2Fg%2F11y7xh44qz?hl=tr&#038;entry=ttu&#038;g_ep=EgoyMDI1MDYxMC4xIKXMDSoASAFQAw%3D%3D\" target=\"_blank\" rel=\"noopener\">\t<div class=\"icon-box featured-box icon-box-left text-left\"  >\n\t\t\t\t\t<div class=\"icon-box-img\" style=\"width: 35px\">\n\t\t\t\t<div class=\"icon\">\n\t\t\t\t\t<div class=\"icon-inner\" >\n\t\t\t\t\t\t<img decoding=\"async\" width=\"400\" height=\"400\" src=\"https:\/\/dryavuzbesogul.com\/wp-content\/uploads\/2025\/06\/1-1-400x400.png\" class=\"attachment-medium size-medium\" alt=\"\" srcset=\"https:\/\/dryavuzbesogul.com\/wp-content\/uploads\/2025\/06\/1-1-400x400.png 400w, https:\/\/dryavuzbesogul.com\/wp-content\/uploads\/2025\/06\/1-1-280x280.png 280w, https:\/\/dryavuzbesogul.com\/wp-content\/uploads\/2025\/06\/1-1.png 512w\" sizes=\"(max-width: 400px) 100vw, 400px\">\t\t\t\t\t<\/div>\n\t\t\t\t<\/div>\n\t\t\t<\/div>\n\t\t\t\t<div class=\"icon-box-text last-reset\">\n\t\t\t\t\t\t\t\t\t\n<p>Biruni \u00dcniversitesi Hastanesi, G\u00fcltepe, Halkal\u0131 Cd No: 99, 34295 K\u00fc\u00e7\u00fck\u00e7ekmece\/\u0130stanbul<\/p>\n\t\t<\/div>\n\t<\/div>\n\t<\/a>\n\t\n\t\t<\/div>\n\t\t\t\t\t<\/div>\n\n\t\n<\/div>\n\t\t<\/div>\n\t\t\t\t\n<style>\n#col-1494661946 > .col-inner {\n  padding: 40px 20px 10px 20px;\n  border-radius: 20px;\n}\n<\/style>\n\t<\/div>\n\n\t\n<\/div>\n\t\t<\/div>\n\n\t\t\n<style>\n#section_1116407571 {\n  padding-top: 30px;\n  padding-bottom: 30px;\n}\n<\/style>\n\t<\/section>\n\t\n","protected":false},"excerpt":{"rendered":"","protected":false},"author":7,"featured_media":0,"parent":0,"menu_order":0,"comment_status":"closed","ping_status":"closed","template":"page-blank.php","meta":{"footnotes":""},"class_list":["post-10417","page","type-page","status-publish","hentry"],"_links":{"self":[{"href":"https:\/\/dryavuzbesogul.com\/de\/wp-json\/wp\/v2\/pages\/10417","targetHints":{"allow":["GET"]}}],"collection":[{"href":"https:\/\/dryavuzbesogul.com\/de\/wp-json\/wp\/v2\/pages"}],"about":[{"href":"https:\/\/dryavuzbesogul.com\/de\/wp-json\/wp\/v2\/types\/page"}],"author":[{"embeddable":true,"href":"https:\/\/dryavuzbesogul.com\/de\/wp-json\/wp\/v2\/users\/7"}],"replies":[{"embeddable":true,"href":"https:\/\/dryavuzbesogul.com\/de\/wp-json\/wp\/v2\/comments?post=10417"}],"version-history":[{"count":2,"href":"https:\/\/dryavuzbesogul.com\/de\/wp-json\/wp\/v2\/pages\/10417\/revisions"}],"predecessor-version":[{"id":14470,"href":"https:\/\/dryavuzbesogul.com\/de\/wp-json\/wp\/v2\/pages\/10417\/revisions\/14470"}],"wp:attachment":[{"href":"https:\/\/dryavuzbesogul.com\/de\/wp-json\/wp\/v2\/media?parent=10417"}],"curies":[{"name":"wp","href":"https:\/\/api.w.org\/{rel}","templated":true}]}}