{"id":11327,"date":"2019-09-24T11:42:29","date_gmt":"2019-09-24T08:42:29","guid":{"rendered":"https:\/\/dryavuzbesogul.com\/iletisim\/"},"modified":"2026-04-01T16:23:00","modified_gmt":"2026-04-01T13:23:00","slug":"iletisim","status":"publish","type":"page","link":"https:\/\/dryavuzbesogul.com\/en\/iletisim\/","title":{"rendered":"Contact"},"content":{"rendered":"\n\t<section class=\"section\" id=\"section_1994794204\">\n\t\t<div class=\"section-bg fill\" >\n\t\t\t<img decoding=\"async\" width=\"1920\" height=\"1100\" src=\"https:\/\/dryavuzbesogul.com\/wp-content\/uploads\/2021\/09\/hero_contact.jpg\" class=\"bg attachment-2048x2048 size-2048x2048\" alt=\"\">\t\t\t\t\t\t\n\t\t\t\n\n\t\t<\/div>\n\n\t\t\n\n\t\t<div class=\"section-content relative\">\n\t\t\t\n  <div id=\"page-header-1499361424\" class=\"page-header-wrapper\">\n  <div class=\"page-title dark simple-title\">\n\n    \n    <div class=\"page-title-inner container align-center flex-row medium-flex-wrap\" >\n              <div class=\"title-wrapper is-xxlarge flex-col text-left medium-text-center\">\n          <h1 class=\"entry-title mb-0\">\n            Contact          <\/h1>\n        <\/div>\n                    <div class=\"title-content flex-col flex-right text-right medium-text-center\">\n        <div class=\"title-breadcrumbs pb-half pt-half\"><\/div>      <\/div>\n    <\/div>\n\n       <\/div>\n    <\/div>\n  \n\t\t<\/div>\n\n\t\t\n<style>\n#section_1994794204 {\n  padding-top: 200px;\n  padding-bottom: 200px;\n}\n#section_1994794204 .section-bg img {\n  object-position: 42% 9%;\n}\n<\/style>\n\t<\/section>\n\t\n\n\t<section class=\"section\" id=\"section_1792657585\">\n\t\t<div class=\"section-bg fill\" >\n\t\t\t<img decoding=\"async\" width=\"1920\" height=\"1200\" src=\"https:\/\/dryavuzbesogul.com\/wp-content\/uploads\/2021\/09\/background_12.jpg\" class=\"bg attachment-2048x2048 size-2048x2048\" alt=\"\">\t\t\t\t\t\t\n\t\t\t\n\n\t\t<\/div>\n\n\t\t\n\n\t\t<div class=\"section-content relative\">\n\t\t\t\n<div class=\"row align-middle\"  id=\"row-750973919\">\n\n\t<div id=\"col-303672170\" class=\"col medium-6 small-12 large-6\"  >\n\t\t\t\t<div class=\"col-inner\"  >\n\t\t\t\n\t\t\t\n<p><span style=\"font-size: 180%;\"><strong>Contact Information<\/strong><\/span><\/p>\n<div><span style=\"font-size: 120%;\"><strong>Appointment by Phone<\/strong><\/span><\/div>\n\n\t<a class=\"plain\" href=\"tel:%20+90%20530%20035%2044%2002\" >\t<div class=\"icon-box featured-box icon-box-left text-left\"  >\n\t\t\t\t\t<div class=\"icon-box-img\" style=\"width: 25px\">\n\t\t\t\t<div class=\"icon\">\n\t\t\t\t\t<div class=\"icon-inner\" >\n\t\t\t\t\t\t<img decoding=\"async\" width=\"400\" height=\"400\" src=\"https:\/\/dryavuzbesogul.com\/wp-content\/uploads\/2025\/06\/2-400x400.png\" class=\"attachment-medium size-medium\" alt=\"\" srcset=\"https:\/\/dryavuzbesogul.com\/wp-content\/uploads\/2025\/06\/2-400x400.png 400w, https:\/\/dryavuzbesogul.com\/wp-content\/uploads\/2025\/06\/2-280x280.png 280w, https:\/\/dryavuzbesogul.com\/wp-content\/uploads\/2025\/06\/2.png 512w\" sizes=\"(max-width: 400px) 100vw, 400px\">\t\t\t\t\t<\/div>\n\t\t\t\t<\/div>\n\t\t\t<\/div>\n\t\t\t\t<div class=\"icon-box-text last-reset\">\n\t\t\t\t\t\t\t\t\t\n<p>+90 530 035 44 02<\/p>\n\t\t<\/div>\n\t<\/div>\n\t<\/a>\n\t\n\t<div id=\"gap-1025084704\" class=\"gap-element clearfix\" style=\"display:block; height:auto;\">\n\t\t\n<style>\n#gap-1025084704 {\n  padding-top: 30px;\n}\n<\/style>\n\t<\/div>\n\t\n\n\t<a class=\"plain\" href=\"https:\/\/www.google.com\/maps\/place\/Prof.+Dr.+Yavuz+Be%C5%9Fo%C4%9Ful+%7C+Kalp+Ve+Damar+Cerrahisi+%C4%B0stanbul\/@40.9887295,28.7936011,17z\/data=!3m1!4b1!4m6!3m5!1s0x14caa371f1b3c14b:0x9af576d08931d582!8m2!3d40.9887295!4d28.796176!16s%2Fg%2F11y7xh44qz?hl=tr&#038;entry=ttu&#038;g_ep=EgoyMDI1MDYxMC4xIKXMDSoASAFQAw%3D%3D\" target=\"_blank\" rel=\"noopener\">\t<div class=\"icon-box featured-box icon-box-left text-left\"  >\n\t\t\t\t\t<div class=\"icon-box-img\" style=\"width: 35px\">\n\t\t\t\t<div class=\"icon\">\n\t\t\t\t\t<div class=\"icon-inner\" >\n\t\t\t\t\t\t<img decoding=\"async\" width=\"400\" height=\"400\" src=\"https:\/\/dryavuzbesogul.com\/wp-content\/uploads\/2025\/06\/1-1-400x400.png\" class=\"attachment-medium size-medium\" alt=\"\" srcset=\"https:\/\/dryavuzbesogul.com\/wp-content\/uploads\/2025\/06\/1-1-400x400.png 400w, https:\/\/dryavuzbesogul.com\/wp-content\/uploads\/2025\/06\/1-1-280x280.png 280w, https:\/\/dryavuzbesogul.com\/wp-content\/uploads\/2025\/06\/1-1.png 512w\" sizes=\"(max-width: 400px) 100vw, 400px\">\t\t\t\t\t<\/div>\n\t\t\t\t<\/div>\n\t\t\t<\/div>\n\t\t\t\t<div class=\"icon-box-text last-reset\">\n\t\t\t\t\t\t\t\t\t\n<p>Biruni \u00dcniversitesi Hastanesi, G\u00fcltepe, Halkal\u0131 Cd No: 99, 34295 K\u00fc\u00e7\u00fck\u00e7ekmece\/\u0130stanbul<\/p>\n\t\t<\/div>\n\t<\/div>\n\t<\/a>\n\t\n\t\t<\/div>\n\t\t\t\t\t<\/div>\n\n\t\n\n\t<div id=\"col-850940592\" class=\"col medium-6 small-12 large-6\"  >\n\t\t\t\t<div class=\"col-inner\" style=\"background-color:rgb(245, 245, 245);\" >\n\t\t\t\n\t\t\t\n\n<div class=\"wpcf7 no-js\" id=\"wpcf7-f14341-o1\" lang=\"tr\" dir=\"ltr\" data-wpcf7-id=\"14341\">\n<div class=\"screen-reader-response\"><p role=\"status\" aria-live=\"polite\" aria-atomic=\"true\"><\/p> <ul><\/ul><\/div>\n<form action=\"\/en\/wp-json\/wp\/v2\/pages\/11327#wpcf7-f14341-o1\" method=\"post\" class=\"wpcf7-form init\" aria-label=\"Contact form\" novalidate=\"novalidate\" data-status=\"init\">\n<fieldset class=\"hidden-fields-container\"><input type=\"hidden\" name=\"_wpcf7\" value=\"14341\" \/><input type=\"hidden\" name=\"_wpcf7_version\" value=\"6.1.5\" \/><input type=\"hidden\" name=\"_wpcf7_locale\" value=\"tr\" \/><input type=\"hidden\" name=\"_wpcf7_unit_tag\" value=\"wpcf7-f14341-o1\" \/><input type=\"hidden\" name=\"_wpcf7_container_post\" value=\"0\" \/><input type=\"hidden\" name=\"_wpcf7_posted_data_hash\" value=\"\" \/><input type=\"hidden\" name=\"_wpcf7_recaptcha_response\" value=\"\" \/>\n<\/fieldset>\n<p><span class=\"wpcf7-form-control-wrap\" data-name=\"your-name\"><input size=\"40\" maxlength=\"400\" class=\"wpcf7-form-control wpcf7-text wpcf7-validates-as-required\" autocomplete=\"name\" aria-required=\"true\" aria-invalid=\"false\" placeholder=\"Full Name\" value=\"\" type=\"text\" name=\"your-name\" \/><\/span>\n<\/p>\n<p><span class=\"wpcf7-form-control-wrap\" data-name=\"tel-602\"><input size=\"40\" maxlength=\"400\" class=\"wpcf7-form-control wpcf7-tel wpcf7-validates-as-required wpcf7-text wpcf7-validates-as-tel\" aria-required=\"true\" aria-invalid=\"false\" placeholder=\"Phone\" value=\"\" type=\"tel\" name=\"tel-602\" \/><\/span>\n<\/p>\n<p><span class=\"wpcf7-form-control-wrap\" data-name=\"email-280\"><input size=\"40\" maxlength=\"400\" class=\"wpcf7-form-control wpcf7-email wpcf7-text wpcf7-validates-as-email\" autocomplete=\"email\" aria-invalid=\"false\" value=\"E-mail\" type=\"email\" name=\"email-280\" \/><\/span>\n<\/p>\n<p><span class=\"wpcf7-form-control-wrap\" data-name=\"text-183\"><input size=\"40\" maxlength=\"400\" class=\"wpcf7-form-control wpcf7-text wpcf7-validates-as-required\" aria-required=\"true\" aria-invalid=\"false\" placeholder=\"Subject\" value=\"\" type=\"text\" name=\"text-183\" \/><\/span>\n<\/p>\n<p><input class=\"wpcf7-form-control wpcf7-submit has-spinner\" type=\"submit\" value=\"Submit\" \/>\n<\/p><p style=\"display: none !important;\" class=\"akismet-fields-container\" data-prefix=\"_wpcf7_ak_\"><label>&#916;<textarea name=\"_wpcf7_ak_hp_textarea\" cols=\"45\" rows=\"8\" maxlength=\"100\"><\/textarea><\/label><input type=\"hidden\" id=\"ak_js_1\" name=\"_wpcf7_ak_js\" value=\"249\"\/><script>document.getElementById( \"ak_js_1\" ).setAttribute( \"value\", ( new Date() ).getTime() );<\/script><\/p><div class=\"wpcf7-response-output\" aria-hidden=\"true\"><\/div>\n<\/form>\n<\/div>\n\n\t\t<\/div>\n\t\t\t\t\n<style>\n#col-850940592 > .col-inner {\n  padding: 40px 20px 10px 20px;\n  border-radius: 20px;\n}\n<\/style>\n\t<\/div>\n\n\t\n<\/div>\n\t\t<\/div>\n\n\t\t\n<style>\n#section_1792657585 {\n  padding-top: 30px;\n  padding-bottom: 30px;\n}\n<\/style>\n\t<\/section>\n\t\n\n<p><iframe style=\"margin-bottom: -30px;\" src=\"https:\/\/www.google.com\/maps\/embed?pb=!1m18!1m12!1m3!1d3011.668760336991!2d28.79360107660793!3d40.9887335206272!2m3!1f0!2f0!3f0!3m2!1i1024!2i768!4f13.1!3m3!1m2!1s0x14caa371f1b3c14b%3A0x9af576d08931d582!2sKalp%20ve%20Damar%20Cerrah%C4%B1%20Prof.%20Dr.%20Yavuz%20Be%C5%9Fo%C4%9Ful%20%7C%20%C4%B0stanbul%20Kalp%20ve%20Damar%20Cerrahisi%20%7C%20Kapal%C4%B1%20Baypas%2C%20Mitral%20Kapak%2C%20Aort%20Kapak!5e0!3m2!1str!2str!4v1770882080767!5m2!1str!2str\" width=\"100%\" height=\"450\" allowfullscreen=\"allowfullscreen\"><\/iframe><br \/>\n\n","protected":false},"excerpt":{"rendered":"","protected":false},"author":7,"featured_media":0,"parent":0,"menu_order":0,"comment_status":"closed","ping_status":"closed","template":"page-blank.php","meta":{"footnotes":""},"class_list":["post-11327","page","type-page","status-publish","hentry"],"_links":{"self":[{"href":"https:\/\/dryavuzbesogul.com\/en\/wp-json\/wp\/v2\/pages\/11327","targetHints":{"allow":["GET"]}}],"collection":[{"href":"https:\/\/dryavuzbesogul.com\/en\/wp-json\/wp\/v2\/pages"}],"about":[{"href":"https:\/\/dryavuzbesogul.com\/en\/wp-json\/wp\/v2\/types\/page"}],"author":[{"embeddable":true,"href":"https:\/\/dryavuzbesogul.com\/en\/wp-json\/wp\/v2\/users\/7"}],"replies":[{"embeddable":true,"href":"https:\/\/dryavuzbesogul.com\/en\/wp-json\/wp\/v2\/comments?post=11327"}],"version-history":[{"count":2,"href":"https:\/\/dryavuzbesogul.com\/en\/wp-json\/wp\/v2\/pages\/11327\/revisions"}],"predecessor-version":[{"id":14468,"href":"https:\/\/dryavuzbesogul.com\/en\/wp-json\/wp\/v2\/pages\/11327\/revisions\/14468"}],"wp:attachment":[{"href":"https:\/\/dryavuzbesogul.com\/en\/wp-json\/wp\/v2\/media?parent=11327"}],"curies":[{"name":"wp","href":"https:\/\/api.w.org\/{rel}","templated":true}]}}